{"id":1972,"date":"2024-10-15T17:42:25","date_gmt":"2024-10-15T20:42:25","guid":{"rendered":"https:\/\/playhub.com.co\/?page_id=1972"},"modified":"2026-01-16T16:14:43","modified_gmt":"2026-01-16T19:14:43","slug":"politica-de-privacidad","status":"publish","type":"page","link":"https:\/\/playhub.com.co\/es-co\/politica-de-privacidad\/","title":{"rendered":"Pol\u00edtica de privacidad"},"content":{"rendered":"\n<p>El contenido de esta Pol\u00edtica determina c\u00f3mo procesamos la informaci\u00f3n recopilada por el sitio web Playhub - La clave para ganar y retener clientes (que es el controlador de sus datos personales) y tambi\u00e9n explica por qu\u00e9 necesitamos recopilar ciertos datos personales sobre usted. Por lo tanto, debe leer esta Pol\u00edtica de Privacidad antes de utilizar el sitio web.<\/p>\n\n\n\n<p>Cuidamos sus datos personales y asumimos la responsabilidad de garantizar la confidencialidad y seguridad de su informaci\u00f3n personal.<\/p>\n\n\n\n<h2 class=\"wp-block-heading\">Esta es la informaci\u00f3n personal que recopilamos.<\/h2>\n\n\n\n<p>Cuando visita el sitio web Playhub - La clave para ganar y retener clientes, podemos recopilar autom\u00e1ticamente cierta informaci\u00f3n sobre su dispositivo, incluida informaci\u00f3n sobre su navegador, direcci\u00f3n IP, zona horaria y algunos de las cookies instaladas en su dispositivo. Adem\u00e1s, cuando navega por el Sitio, recopilamos informaci\u00f3n sobre las p\u00e1ginas o productos individuales que ve, qu\u00e9 sitios o t\u00e9rminos de b\u00fasqueda lo redirigen a nuestro Sitio y c\u00f3mo interact\u00faa con el Sitio. Nos referimos a esta informaci\u00f3n recopilada autom\u00e1ticamente como &#8220;Informaci\u00f3n del dispositivo&#8221;. Adem\u00e1s, podemos recopilar algunos datos personales que usted proporcione (incluidos, entre otros: nombre, direcci\u00f3n, informaci\u00f3n de pago, etc.) durante la compra, el pago o el uso de nuestros productos.<\/p>\n\n\n\n<h2 class=\"wp-block-heading\">\u00bfPor qu\u00e9 tratamos tus datos?<\/h2>\n\n\n\n<p>Nuestra m\u00e1xima prioridad es la seguridad de los datos personales de los usuarios y, por lo tanto, solo podemos procesar datos m\u00ednimos y solo durante el tiempo que sea absolutamente necesario para el mantenimiento del sitio web. La informaci\u00f3n recogida autom\u00e1ticamente se utiliza para identificar posibles casos de abuso y establecer datos estad\u00edsticos sobre el uso del sitio web. Estos datos estad\u00edsticos no identifican a usuarios o individuos espec\u00edficos.<\/p>\n\n\n\n<p>Puede visitar el Sitio sin decirnos qui\u00e9n es ni revelar ninguna informaci\u00f3n que otra persona pueda utilizar para identificarlo individualmente. Si, a pesar de ello, desea utilizar alguna de las funciones del sitio web, o desea recibir nuestro bolet\u00edn informativo, o desea proporcionar otros datos rellenando y enviando formularios, puede proporcionarnos datos personales, como su correo electr\u00f3nico, nombre. , apellido, ciudad de residencia, organizaci\u00f3n y n\u00famero de tel\u00e9fono. Puede optar por no proporcionarnos datos personales, pero entonces es posible que no pueda utilizar algunas de las funciones del sitio. Por ejemplo, no podr\u00e1 recibir nuestro bolet\u00edn ni contactarnos directamente a trav\u00e9s de nuestro sitio web. Los usuarios que no est\u00e9n seguros de qu\u00e9 informaci\u00f3n personal se requiere pueden contactarnos por correo electr\u00f3nico a contato@playhub.com.br<\/p>\n\n\n\n<h2 class=\"wp-block-heading\">Tus derechos<\/h2>\n\n\n\n<p>Estos son los derechos garantizados respecto de sus datos personales:<\/p>\n\n\n\n<ul class=\"wp-block-list\">\n<li>El derecho a ser informado.<\/li>\n\n\n\n<li>El derecho de acceso.<\/li>\n\n\n\n<li>El derecho de rectificaci\u00f3n.<\/li>\n\n\n\n<li>El derecho de supresi\u00f3n.<\/li>\n\n\n\n<li>Derecho a restringir el tratamiento.<\/li>\n\n\n\n<li>El derecho a la portabilidad de los datos.<\/li>\n\n\n\n<li>El derecho de oposici\u00f3n.<\/li>\n\n\n\n<li>Derechos en relaci\u00f3n con la toma autom\u00e1tica de decisiones y la elaboraci\u00f3n de perfiles.<\/li>\n<\/ul>\n\n\n\n<p>Si desea ejercer estos derechos, comun\u00edquese con nosotros utilizando los datos de contacto que aparecen a continuaci\u00f3n.<\/p>\n\n\n\n<p>Adem\u00e1s, si vive en Europa, afirmamos que estamos procesando su informaci\u00f3n con el fin de cumplir los contratos que hayamos celebrado con usted (por ejemplo, si realiza una compra en nuestro sitio web) o para ejercer los intereses leg\u00edtimos de nuestra empresa. enumerados anteriormente. Adem\u00e1s, tenga en cuenta que su informaci\u00f3n puede transferirse fuera de Europa, incluido Brasil.<\/p>\n\n\n\n<h2 class=\"wp-block-heading\">Enlaces a otros sitios web<\/h2>\n\n\n\n<p>Nuestro sitio web puede contener enlaces a otros sitios web que no est\u00e1n controlados por nosotros y\/o no son de nuestra propiedad. Tenga en cuenta que no somos responsables de las pol\u00edticas de privacidad de dichos sitios y organizaciones asociados. Le recomendamos que est\u00e9 atento cuando abandone nuestro sitio web y tambi\u00e9n le recomendamos que lea la pol\u00edtica de privacidad de cada sitio web que pueda recopilar su informaci\u00f3n personal.<\/p>\n\n\n\n<h2 class=\"wp-block-heading\">Seguridad de la informaci\u00f3n<\/h2>\n\n\n\n<p>Garantizamos que la informaci\u00f3n que usted proporciona est\u00e1 en servidores y computadoras almacenadas en entornos seguros y controlados, protegidos del acceso, uso y divulgaci\u00f3n no autorizados. Mantenemos medidas de seguridad administrativas, t\u00e9cnicas y f\u00edsicas razonables para proteger los datos personales bajo nuestra custodia del acceso, uso, modificaci\u00f3n y divulgaci\u00f3n no autorizados. A pesar de ello, no se puede garantizar ninguna transmisi\u00f3n de datos a trav\u00e9s de Internet o sistemas inal\u00e1mbricos.<\/p>\n\n\n\n<h2 class=\"wp-block-heading\">Pol\u00edtica de cookies<\/h2>\n\n\n\n<p>Utilizamos cookies para mejorar la experiencia del usuario en nuestro sitio web, comprender c\u00f3mo se utiliza el sitio y personalizar el contenido y los anuncios. Las cookies nos ayudan a recordar sus preferencias y visitas anteriores.<\/p>\n\n\n\n<h2 class=\"wp-block-heading\">Tipos de cookies que utilizamos<\/h2>\n\n\n\n<ul class=\"wp-block-list\">\n<li><strong>Cookies esenciales<\/strong>: Necesarias para que el sitio web funcione. Sin ellos, algunas partes del sitio web no funcionar\u00edan correctamente.<\/li>\n\n\n\n<li><strong>Cookies de rendimiento<\/strong>: recopilan informaci\u00f3n sobre c\u00f3mo los visitantes utilizan el sitio web, lo que nos permite mejorar la funcionalidad. No identifican al usuario individualmente.<\/li>\n\n\n\n<li><strong>Cookies funcionales<\/strong>: permiten que el sitio web recuerde las elecciones que usted realiza (como su nombre de usuario, idioma o regi\u00f3n) para brindarle una experiencia m\u00e1s personalizada.<\/li>\n\n\n\n<li><strong>Cookies publicitarias<\/strong>: se utilizan para mostrar anuncios m\u00e1s relevantes para usted y sus intereses. Tambi\u00e9n limitan la cantidad de veces que ve un anuncio y ayudan a medir la efectividad de las campa\u00f1as publicitarias.<\/li>\n<\/ul>\n\n\n\n<h2 class=\"wp-block-heading\">C\u00f3mo gestionar las cookies<\/h2>\n\n\n\n<p>Puedes controlar y\/o eliminar las cookies como desees a trav\u00e9s de tu navegador. Puede eliminar todas las cookies que ya est\u00e1n en su computadora y configurar la mayor\u00eda de los navegadores para evitar que sean aceptadas. Sin embargo, si hace esto, es posible que tenga que ajustar manualmente algunas preferencias cada vez que visite un sitio web, y es posible que algunos servicios y funciones no funcionen.<\/p>\n\n\n\n<h2 class=\"wp-block-heading\">Cambios en esta Pol\u00edtica de Cookies<\/h2>\n\n\n\n<p>Es posible que actualicemos nuestra Pol\u00edtica de cookies de vez en cuando. Cualquier cambio se publicar\u00e1 en esta p\u00e1gina. Le recomendamos que revise esta pol\u00edtica peri\u00f3dicamente para mantenerse informado sobre nuestro uso de cookies.<\/p>\n\n\n\n<h2 class=\"wp-block-heading\">Cookies de terceros<\/h2>\n\n\n\n<p>En algunas p\u00e1ginas de nuestro sitio web podemos utilizar cookies de terceros, que son establecidas por un dominio distinto al nuestro. Esto ocurre, por ejemplo, con los servicios de an\u00e1lisis o publicidad. Si es necesario, se pueden agregar aqu\u00ed enlaces importantes sobre estas pol\u00edticas.<\/p>\n\n\n\n<h2 class=\"wp-block-heading\">Declaraci\u00f3n legal<\/h2>\n\n\n\n<p>Divulgaremos cualquier informaci\u00f3n que recopilemos, usemos o recibamos si dicha divulgaci\u00f3n es solicitada o permitida por la ley, para cumplir con una citaci\u00f3n o proceso legal similar, y cuando creamos de buena fe que la divulgaci\u00f3n es necesaria para proteger nuestros derechos, para proteger la seguridad de otros, para investigaciones de fraude o para responder a una solicitud del gobierno.<\/p>\n\n\n\n<h2 class=\"wp-block-heading\">Informaci\u00f3n del contacto<\/h2>\n\n\n\n<p>Si desea comunicarse con nosotros para obtener m\u00e1s informaci\u00f3n sobre esta Pol\u00edtica de privacidad, o desea acceder a cualquier informaci\u00f3n relacionada con sus derechos individuales e informaci\u00f3n personal, puede enviar un correo electr\u00f3nico a contato@playhub.com.br<\/p>\n\n\n\n<p>Esta Pol\u00edtica entra en vigor a partir del 2024-10-15 17:42:25.<\/p>\n","protected":false},"excerpt":{"rendered":"<p>El contenido de esta Pol\u00edtica determina c\u00f3mo procesamos la informaci\u00f3n recopilada por el sitio web (que es el controlador de sus datos personales) y tambi\u00e9n explica por qu\u00e9 necesitamos recopilar ciertos datos personales sobre usted. Por lo tanto, debe leer esta Pol\u00edtica de Privacidad antes de utilizar el sitio web. Cuidamos sus datos personales y [&hellip;]<\/p>\n","protected":false},"author":2,"featured_media":0,"parent":0,"menu_order":0,"comment_status":"closed","ping_status":"closed","template":"","meta":{"footnotes":""},"class_list":["post-1972","page","type-page","status-publish","hentry"],"yoast_head":"<!-- This site is optimized with the Yoast SEO plugin v27.5 - https:\/\/yoast.com\/product\/yoast-seo-wordpress\/ -->\n<title>Pol\u00edtica de privacidad - PlayHub - SVA para proveedores<\/title>\n<meta name=\"description\" content=\"Pol\u00edtica de privacidad - PlayHub - SVA para proveedores\" \/>\n<meta name=\"robots\" content=\"index, follow, max-snippet:-1, max-image-preview:large, max-video-preview:-1\" \/>\n<link rel=\"canonical\" href=\"https:\/\/playhub.com.co\/es-co\/politica-de-privacidad\/\" \/>\n<meta property=\"og:locale\" content=\"es_ES\" \/>\n<meta property=\"og:type\" content=\"article\" \/>\n<meta property=\"og:title\" content=\"Pol\u00edtica de privacidad - PlayHub - SVA para proveedores\" \/>\n<meta property=\"og:description\" content=\"Pol\u00edtica de privacidad - PlayHub - SVA para proveedores\" \/>\n<meta property=\"og:url\" content=\"https:\/\/playhub.com.co\/es-co\/politica-de-privacidad\/\" \/>\n<meta property=\"og:site_name\" content=\"PlayHub - SVA para proveedores\" \/>\n<meta property=\"article:modified_time\" content=\"2026-01-16T19:14:43+00:00\" \/>\n<meta property=\"og:image\" content=\"https:\/\/playhub.com.co\/wp-content\/uploads\/2024\/01\/1200x675.png\" \/>\n\t<meta property=\"og:image:width\" content=\"1200\" \/>\n\t<meta property=\"og:image:height\" content=\"675\" \/>\n\t<meta property=\"og:image:type\" content=\"image\/png\" \/>\n<meta name=\"twitter:card\" content=\"summary_large_image\" \/>\n<meta name=\"twitter:label1\" content=\"Tiempo de lectura\" \/>\n\t<meta name=\"twitter:data1\" content=\"7 minutos\" \/>\n<script type=\"application\/ld+json\" class=\"yoast-schema-graph\">{\"@context\":\"https:\\\/\\\/schema.org\",\"@graph\":[{\"@type\":\"WebPage\",\"@id\":\"https:\\\/\\\/playhub.com.co\\\/es-co\\\/politica-de-privacidad\\\/\",\"url\":\"https:\\\/\\\/playhub.com.co\\\/es-co\\\/politica-de-privacidad\\\/\",\"name\":\"Pol\u00edtica de privacidad - PlayHub - SVA para proveedores\",\"isPartOf\":{\"@id\":\"https:\\\/\\\/playhub.com.co\\\/#website\"},\"datePublished\":\"2024-10-15T20:42:25+00:00\",\"dateModified\":\"2026-01-16T19:14:43+00:00\",\"description\":\"Pol\u00edtica de privacidad - PlayHub - SVA para proveedores\",\"breadcrumb\":{\"@id\":\"https:\\\/\\\/playhub.com.co\\\/es-co\\\/politica-de-privacidad\\\/#breadcrumb\"},\"inLanguage\":\"es-CO\",\"potentialAction\":[{\"@type\":\"ReadAction\",\"target\":[\"https:\\\/\\\/playhub.com.co\\\/es-co\\\/politica-de-privacidad\\\/\"]}]},{\"@type\":\"BreadcrumbList\",\"@id\":\"https:\\\/\\\/playhub.com.co\\\/es-co\\\/politica-de-privacidad\\\/#breadcrumb\",\"itemListElement\":[{\"@type\":\"ListItem\",\"position\":1,\"name\":\"In\u00edcio\",\"item\":\"https:\\\/\\\/playhub.com.co\\\/es-co\\\/\"},{\"@type\":\"ListItem\",\"position\":2,\"name\":\"Pol\u00edtica de privacidad\"}]},{\"@type\":\"WebSite\",\"@id\":\"https:\\\/\\\/playhub.com.co\\\/#website\",\"url\":\"https:\\\/\\\/playhub.com.co\\\/\",\"name\":\"Playhub - A chave para conquistar e reter clientes\",\"description\":\"Ofrecemos contenido de transmisi\u00f3n premium y aplicaciones adaptadas a su audiencia. Destaca, aumenta las ventas y brinda a los clientes el poder de elegir.\",\"publisher\":{\"@id\":\"https:\\\/\\\/playhub.com.co\\\/#organization\"},\"alternateName\":\"Playhub\",\"potentialAction\":[{\"@type\":\"SearchAction\",\"target\":{\"@type\":\"EntryPoint\",\"urlTemplate\":\"https:\\\/\\\/playhub.com.co\\\/?s={search_term_string}\"},\"query-input\":{\"@type\":\"PropertyValueSpecification\",\"valueRequired\":true,\"valueName\":\"search_term_string\"}}],\"inLanguage\":\"es-CO\"},{\"@type\":\"Organization\",\"@id\":\"https:\\\/\\\/playhub.com.co\\\/#organization\",\"name\":\"Playhub - SVA para provedores\",\"alternateName\":\"Playhub\",\"url\":\"https:\\\/\\\/playhub.com.co\\\/\",\"logo\":{\"@type\":\"ImageObject\",\"inLanguage\":\"es-CO\",\"@id\":\"https:\\\/\\\/playhub.com.co\\\/#\\\/schema\\\/logo\\\/image\\\/\",\"url\":\"https:\\\/\\\/playhub.com.co\\\/wp-content\\\/uploads\\\/2024\\\/01\\\/Logo.svg\",\"contentUrl\":\"https:\\\/\\\/playhub.com.co\\\/wp-content\\\/uploads\\\/2024\\\/01\\\/Logo.svg\",\"width\":182,\"height\":182,\"caption\":\"Playhub - SVA para provedores\"},\"image\":{\"@id\":\"https:\\\/\\\/playhub.com.co\\\/#\\\/schema\\\/logo\\\/image\\\/\"}}]}<\/script>\n<!-- \/ Yoast SEO plugin. -->","yoast_head_json":{"title":"Pol\u00edtica de privacidad - PlayHub - SVA para proveedores","description":"Pol\u00edtica de privacidad - PlayHub - SVA para proveedores","robots":{"index":"index","follow":"follow","max-snippet":"max-snippet:-1","max-image-preview":"max-image-preview:large","max-video-preview":"max-video-preview:-1"},"canonical":"https:\/\/playhub.com.co\/es-co\/politica-de-privacidad\/","og_locale":"es_ES","og_type":"article","og_title":"Pol\u00edtica de privacidad - PlayHub - SVA para proveedores","og_description":"Pol\u00edtica de privacidad - PlayHub - SVA para proveedores","og_url":"https:\/\/playhub.com.co\/es-co\/politica-de-privacidad\/","og_site_name":"PlayHub - SVA para proveedores","article_modified_time":"2026-01-16T19:14:43+00:00","og_image":[{"width":1200,"height":675,"url":"https:\/\/playhub.com.co\/wp-content\/uploads\/2024\/01\/1200x675.png","type":"image\/png"}],"twitter_card":"summary_large_image","twitter_misc":{"Tiempo de lectura":"7 minutos"},"schema":{"@context":"https:\/\/schema.org","@graph":[{"@type":"WebPage","@id":"https:\/\/playhub.com.co\/es-co\/politica-de-privacidad\/","url":"https:\/\/playhub.com.co\/es-co\/politica-de-privacidad\/","name":"Pol\u00edtica de privacidad - PlayHub - SVA para proveedores","isPartOf":{"@id":"https:\/\/playhub.com.co\/#website"},"datePublished":"2024-10-15T20:42:25+00:00","dateModified":"2026-01-16T19:14:43+00:00","description":"Pol\u00edtica de privacidad - PlayHub - SVA para proveedores","breadcrumb":{"@id":"https:\/\/playhub.com.co\/es-co\/politica-de-privacidad\/#breadcrumb"},"inLanguage":"es-CO","potentialAction":[{"@type":"ReadAction","target":["https:\/\/playhub.com.co\/es-co\/politica-de-privacidad\/"]}]},{"@type":"BreadcrumbList","@id":"https:\/\/playhub.com.co\/es-co\/politica-de-privacidad\/#breadcrumb","itemListElement":[{"@type":"ListItem","position":1,"name":"In\u00edcio","item":"https:\/\/playhub.com.co\/es-co\/"},{"@type":"ListItem","position":2,"name":"Pol\u00edtica de privacidad"}]},{"@type":"WebSite","@id":"https:\/\/playhub.com.co\/#website","url":"https:\/\/playhub.com.co\/","name":"Playhub - A chave para conquistar e reter clientes","description":"Ofrecemos contenido de transmisi\u00f3n premium y aplicaciones adaptadas a su audiencia. Destaca, aumenta las ventas y brinda a los clientes el poder de elegir.","publisher":{"@id":"https:\/\/playhub.com.co\/#organization"},"alternateName":"Playhub","potentialAction":[{"@type":"SearchAction","target":{"@type":"EntryPoint","urlTemplate":"https:\/\/playhub.com.co\/?s={search_term_string}"},"query-input":{"@type":"PropertyValueSpecification","valueRequired":true,"valueName":"search_term_string"}}],"inLanguage":"es-CO"},{"@type":"Organization","@id":"https:\/\/playhub.com.co\/#organization","name":"Playhub - SVA para provedores","alternateName":"Playhub","url":"https:\/\/playhub.com.co\/","logo":{"@type":"ImageObject","inLanguage":"es-CO","@id":"https:\/\/playhub.com.co\/#\/schema\/logo\/image\/","url":"https:\/\/playhub.com.co\/wp-content\/uploads\/2024\/01\/Logo.svg","contentUrl":"https:\/\/playhub.com.co\/wp-content\/uploads\/2024\/01\/Logo.svg","width":182,"height":182,"caption":"Playhub - SVA para provedores"},"image":{"@id":"https:\/\/playhub.com.co\/#\/schema\/logo\/image\/"}}]}},"_links":{"self":[{"href":"https:\/\/playhub.com.co\/es-co\/wp-json\/wp\/v2\/pages\/1972","targetHints":{"allow":["GET"]}}],"collection":[{"href":"https:\/\/playhub.com.co\/es-co\/wp-json\/wp\/v2\/pages"}],"about":[{"href":"https:\/\/playhub.com.co\/es-co\/wp-json\/wp\/v2\/types\/page"}],"author":[{"embeddable":true,"href":"https:\/\/playhub.com.co\/es-co\/wp-json\/wp\/v2\/users\/2"}],"replies":[{"embeddable":true,"href":"https:\/\/playhub.com.co\/es-co\/wp-json\/wp\/v2\/comments?post=1972"}],"version-history":[{"count":0,"href":"https:\/\/playhub.com.co\/es-co\/wp-json\/wp\/v2\/pages\/1972\/revisions"}],"wp:attachment":[{"href":"https:\/\/playhub.com.co\/es-co\/wp-json\/wp\/v2\/media?parent=1972"}],"curies":[{"name":"wp","href":"https:\/\/api.w.org\/{rel}","templated":true}]}}